{"id":140,"date":"2016-09-17T16:23:32","date_gmt":"2016-09-17T16:23:32","guid":{"rendered":"http:\/\/markopoulos.eu\/?page_id=140"},"modified":"2020-08-12T16:13:06","modified_gmt":"2020-08-12T16:13:06","slug":"140-2","status":"publish","type":"page","link":"http:\/\/markopoulos.eu\/?page_id=140","title":{"rendered":"Referenzen"},"content":{"rendered":"<table width=\"580\" cellpadding=\"5\">\n<tbody>\n<tr>\n<td><span class=\"h10\"><strong><span class=\"h10b_gr\">ARBEITEN IM PRIVATEN UND \u00d6FFENTLICHEN BESITZ<\/span><\/strong><br \/>\nSkulpturen, Bilder, Kurzfilme<\/span><\/td>\n<\/tr>\n<tr>\n<td>In: Heidelberg, M\u00fcnchen, Eschenlohe, Bremen, Hamburg, Sottrum, Schmallenberg, N\u00fcrnberg, London, Hittisau\/A, Wien, Hannover, List, Fischerhude, Worpswede, Peine, Br\u00fcssel, Bangladesch, Ottersberg, Stade, Frankfurt, Ottawa, Thessaloniki<\/td>\n<\/tr>\n<\/tbody>\n<\/table>\n<p>&nbsp;<\/p>\n<table width=\"580\" cellpadding=\"5\">\n<tbody>\n<tr>\n<td><strong>AUSWAHL<\/strong><\/td>\n<td>&nbsp;<\/td>\n<\/tr>\n<tr>\n<td>Frauenmuseum<br \/>\nObjekt \u201eAlltagsgewand\u201c<\/td>\n<td>\n<div align=\"right\"><span class=\"h10\">Hittisau\/A<\/span><\/div>\n<\/td>\n<\/tr>\n<tr>\n<td>Botanisches Museum Loki Schmidt Haus<br \/>\nObjekt \u201eViolett\u201c Werkzyklus \u201eDie sieben Farben des Lebens\u201c<\/td>\n<td>\n<div align=\"right\"><span class=\"h10\">Hamburg<\/span><\/div>\n<\/td>\n<\/tr>\n<tr>\n<td><span class=\"h10\">Airbus<br \/>\nLeuchtkasten Bildobjekt Tropischer Pflanzenzyklus Nr. 02 <\/span><\/td>\n<td>\n<div align=\"right\"><span class=\"h10\">Stade<\/span><\/div>\n<\/td>\n<\/tr>\n<tr>\n<td><span class=\"h10\">BLG Logistcs Group\/ Bremer Lagerhaus Gesellschaft<br \/>\nObjekt \u201eOrange\u201c Werkzyklus \u201eDie sieben Farben des Lebens\u201c <\/span><\/td>\n<td>\n<div align=\"right\"><span class=\"h10\">Bremen<\/span><\/div>\n<\/td>\n<\/tr>\n<tr>\n<td><span class=\"h10\">Alfred Wegner Institut<br \/>\nObjekt \u201eWei\u00df-Gold\u201c Werkzyklus \u201eDie sieben Farben des Lebens\u201c <\/span><\/td>\n<td>\n<div align=\"right\"><span class=\"h10\">List<\/span><\/div>\n<\/td>\n<\/tr>\n<tr>\n<td><span class=\"h10\">Gebr\u00fcder Thiele &amp; Fendel CoKG<br \/>\nFine Art Print\/ Diasec ehem.Tropischer Zyklus <\/span><\/td>\n<td>\n<div align=\"right\"><span class=\"h10\">Bremen<\/span><\/div>\n<\/td>\n<\/tr>\n<tr>\n<td><span class=\"h10\">Haus der Zukunft<br \/>\nObjekt \u201eGr\u00fcn\u201c Werkzyklus \u201eDie sieben Farben des Lebens\u201c <\/span><\/td>\n<td>\n<div align=\"right\"><span class=\"h10\">Hamburg<\/span><\/div>\n<\/td>\n<\/tr>\n<tr>\n<td><span class=\"h10\">Sammlung Eva und Bern Hockemeyer<br \/>\nBildobjekt \u201eJahreszeitenbild\u201c <\/span><\/td>\n<td>\n<div align=\"right\"><span class=\"h10\">Bremen<\/span><\/div>\n<\/td>\n<\/tr>\n<tr>\n<td><span class=\"h10\">Sammlung Karin und Uwe Hollweg Stiftung<br \/>\nFine Art Print\/ ehem. Tropischer Zyklus <\/span><\/td>\n<td>\n<div align=\"right\"><span class=\"h10\">Bremen<\/span><\/div>\n<\/td>\n<\/tr>\n<tr>\n<td><span class=\"h10\">Stadtsparkasse Schmallenberg<br \/>\nObjekt \u201eROT\u201c Werkzyklus \u201eDie sieben Fartben des Lebens\u201c<br \/>\nBilder Portraitserie einer Pop Ikone <\/span><\/td>\n<td>\n<div align=\"right\"><span class=\"h10\">Schmallenberg<\/span><\/div>\n<\/td>\n<\/tr>\n<tr>\n<td><span class=\"h10\">Die Gr\u00fcnen<br \/>\nFine Art Print\/ Diasec ehem. Tropischer Zyklus<\/span><\/td>\n<td>\n<div align=\"right\"><span class=\"h10\">Br\u00fcssel<\/span><\/div>\n<\/td>\n<\/tr>\n<tr>\n<td><span class=\"h10\">Internationales Kurzfilmfestival<br \/>\nFilm Premiere &#8222;Message of the Animals&#8220;<\/span><\/td>\n<td>\n<div align=\"right\"><span class=\"h10\">Nizza<\/span><\/div>\n<\/td>\n<\/tr>\n<tr>\n<td><span class=\"h10\">Goethe Institut Thessaloniki<br \/>\nFilm Premiere \u201eEarth Connection I\u201c <\/span><\/td>\n<td>\n<div align=\"right\"><span class=\"h10\">Thessaloniki<\/span><\/div>\n<\/td>\n<\/tr>\n<tr>\n<td><span class=\"h10\">3. Intern. Frauenfriedenskonferenz<br \/>\nFilm Premiere \u201eE-MOTIONS\u201c <\/span><\/td>\n<td>\n<div align=\"right\"><span class=\"h10\">Bangalore<\/span><\/div>\n<\/td>\n<\/tr>\n<tr>\n<td><span class=\"h10\">u.a.<\/span><\/td>\n<td>\n<div align=\"right\"><span class=\"h10\">&nbsp;<\/span><\/div>\n<\/td>\n<\/tr>\n<\/tbody>\n<\/table>\n","protected":false},"excerpt":{"rendered":"<p>ARBEITEN IM PRIVATEN UND \u00d6FFENTLICHEN BESITZ Skulpturen, Bilder, Kurzfilme In: Heidelberg, M\u00fcnchen, Eschenlohe, Bremen, Hamburg, Sottrum, Schmallenberg, N\u00fcrnberg, London, Hittisau\/A, Wien, Hannover, List, Fischerhude, Worpswede, Peine, Br\u00fcssel, Bangladesch, Ottersberg, Stade, Frankfurt, Ottawa, Thessaloniki &nbsp; AUSWAHL &nbsp; Frauenmuseum Objekt \u201eAlltagsgewand\u201c Hittisau\/A&hellip;<\/p>\n","protected":false},"author":1,"featured_media":0,"parent":0,"menu_order":0,"comment_status":"closed","ping_status":"closed","template":"","meta":{"ngg_post_thumbnail":0},"_links":{"self":[{"href":"http:\/\/markopoulos.eu\/index.php?rest_route=\/wp\/v2\/pages\/140"}],"collection":[{"href":"http:\/\/markopoulos.eu\/index.php?rest_route=\/wp\/v2\/pages"}],"about":[{"href":"http:\/\/markopoulos.eu\/index.php?rest_route=\/wp\/v2\/types\/page"}],"author":[{"embeddable":true,"href":"http:\/\/markopoulos.eu\/index.php?rest_route=\/wp\/v2\/users\/1"}],"replies":[{"embeddable":true,"href":"http:\/\/markopoulos.eu\/index.php?rest_route=%2Fwp%2Fv2%2Fcomments&post=140"}],"version-history":[{"count":21,"href":"http:\/\/markopoulos.eu\/index.php?rest_route=\/wp\/v2\/pages\/140\/revisions"}],"predecessor-version":[{"id":574,"href":"http:\/\/markopoulos.eu\/index.php?rest_route=\/wp\/v2\/pages\/140\/revisions\/574"}],"wp:attachment":[{"href":"http:\/\/markopoulos.eu\/index.php?rest_route=%2Fwp%2Fv2%2Fmedia&parent=140"}],"curies":[{"name":"wp","href":"https:\/\/api.w.org\/{rel}","templated":true}]}}