{"id":211,"date":"2016-09-17T19:23:54","date_gmt":"2016-09-17T19:23:54","guid":{"rendered":"http:\/\/markopoulos.eu\/?page_id=211"},"modified":"2023-01-19T10:30:46","modified_gmt":"2023-01-19T10:30:46","slug":"timeline","status":"publish","type":"page","link":"http:\/\/markopoulos.eu\/?page_id=211","title":{"rendered":"Timeline"},"content":{"rendered":"<p>ATELIER \u00d6ffnungszeiten:<br>Nach Vereinbarung und<br>1. Samstag im Monat 11-17 Uhr<\/p>\n<p><strong>2022<\/strong> Fernsehbeitrag<br><a href=\"https:\/\/www.butenunbinnen.de\/videos\/kuenstlerin-elke-markopoulos-pflanzen-gaerten-100.html\">Diese K\u00fcnstlerin macht aus Blumen vom Wegesrand wahre Kunstwerke<\/a><\/p>\n<p><strong>2022<\/strong> Ausstellung<br>&#8222;Zwiesprache mit einer anderen Art&#8220;<\/p>\n<p>Bremische Volksbank eG <br>Achimer Br\u00fcckenstra\u00dfe 7 <br>8.9. &#8211; 11.11. 2022<\/p>\n<p><strong>2022<\/strong> Pr\u00e4sentation\/ Bilder und Skulptur <br>&#8222;Die Seele der Pflanzen&#8220;<\/p>\n<p>Cordula Caspary, Bremen 20. Mai &#8211; Jahresende <br>Schwachhauser Heerstra\u00dfe 47<\/p>\n<p>Anmeldung erbeten unter: <br><a class=\"moz-txt-link-abbreviated\" href=\"mailto:info@bestatterin.net\">info@bestatterin.net<\/a> oder 0177-8955206<\/p>\n<p><strong>2018<\/strong>\/ Ausstellungen<br>\u201eDie Sch\u00f6nheit im Kleinen\u201c<br>Overbeck Museum, Bremen 22. Juli \u2013 14. Oktober 2018<\/p>\n<p>\u201eVon der Ewigkeit im Unscheinbaren\u201c <br>Kunstverein Fischerhude 14. Januar \u2013 1. April 2018<\/p>\n<p><strong>2017<\/strong>\/ Ausstellung<br>\u201efurios und feminin\u201c Kunsthalle Worpswede 5. November 2016 \u2013 8. Januar 2017<\/p>\n<p><strong>2016<\/strong>\/ Ausstellung<br>\u201eWomens\u2018 View of Nature\u201c<br>wallstyle Gallery by CCS, D\u00fcsseldorf 24. August \u2013 7. Oktober 2016<\/p>\n<p>Kurzfilm<br>\u201eMessage of the Animals\u201c<br>Premiere: Kurzfilm Festival Cannes, Nizza 2016<br>Pr\u00e4sentationen: Festivals weltweit<br>Preise und Auszeichnungen \u201eBest Short\u201c<br>Kroatien, USA, Italien, Bali, Bangladesch<\/p>\n<p><strong>2013<\/strong><br>Artist in Residence<br>Studienaufenthalt auf Paros, Griechenland September 2013<\/p>\n<p><strong>2012<\/strong><br>Kurzfilm<br>\u201eEarth Connection I\u201c Premiere: Goethe Institut Thessaloniki, Griechenland<br>Pr\u00e4sentationen<br>OSTERNACHT in Deutschland<br>Filmvorf\u00fchrung in zahlreichen Kirchen in Deutschland durch das Evangelische Gottesdienstinstitut, Bayern<\/p>\n<p>Symposium in Neudietendorf\/ Erfurt<br>\u201eWo wohnt Gott in einer ausgeleuchteten Welt?\u201c<\/p>\n<p>Projektgruppe Wissenschaftsjahr 2012 auf Youtube<br>empfohlen durch das Bundesministerium f\u00fcr Bildung und Forschung<\/p>\n<p><strong>2010<\/strong>\/ Ausstellungen<br>\u201eAuf dem Wege\u201c<br>Kunstverein Fischerhude 25. Oktober 2009 &#8211; 6. Januar 2010<\/p>\n<p>\u201cArt meets Science\u201c <br>Botanisches Museum Loki Schmidt Haus, Hamburg 20. Juni \u2013 29. August 2010<\/p>\n<p><strong>2009<\/strong><br>Kurzfilm<br>\u201eE-Motions\u201c<br>Premiere: Internationale Frauenfriedenskonferenz Bangalore, Indien Februar 2009<\/p>\n<p><strong>2008<\/strong><br>Ausstellungen\u201cSculpturing European Landscapes\u201c 25. Februar \u2013 7. M\u00e4rz 2008<br>Committee of the Regions Br\u00fcssel, Belgien<\/p>\n<p>u.a.<\/p>\n\n\n<p><\/p>\n","protected":false},"excerpt":{"rendered":"<p>ATELIER \u00d6ffnungszeiten:Nach Vereinbarung und1. Samstag im Monat 11-17 Uhr 2022 FernsehbeitragDiese K\u00fcnstlerin macht aus Blumen vom Wegesrand wahre Kunstwerke 2022 Ausstellung&#8222;Zwiesprache mit einer anderen Art&#8220; Bremische Volksbank eG Achimer Br\u00fcckenstra\u00dfe 7 8.9. &#8211; 11.11. 2022 2022 Pr\u00e4sentation\/ Bilder und Skulptur&hellip;<\/p>\n","protected":false},"author":1,"featured_media":0,"parent":0,"menu_order":0,"comment_status":"closed","ping_status":"closed","template":"","meta":{"ngg_post_thumbnail":0},"_links":{"self":[{"href":"http:\/\/markopoulos.eu\/index.php?rest_route=\/wp\/v2\/pages\/211"}],"collection":[{"href":"http:\/\/markopoulos.eu\/index.php?rest_route=\/wp\/v2\/pages"}],"about":[{"href":"http:\/\/markopoulos.eu\/index.php?rest_route=\/wp\/v2\/types\/page"}],"author":[{"embeddable":true,"href":"http:\/\/markopoulos.eu\/index.php?rest_route=\/wp\/v2\/users\/1"}],"replies":[{"embeddable":true,"href":"http:\/\/markopoulos.eu\/index.php?rest_route=%2Fwp%2Fv2%2Fcomments&post=211"}],"version-history":[{"count":13,"href":"http:\/\/markopoulos.eu\/index.php?rest_route=\/wp\/v2\/pages\/211\/revisions"}],"predecessor-version":[{"id":627,"href":"http:\/\/markopoulos.eu\/index.php?rest_route=\/wp\/v2\/pages\/211\/revisions\/627"}],"wp:attachment":[{"href":"http:\/\/markopoulos.eu\/index.php?rest_route=%2Fwp%2Fv2%2Fmedia&parent=211"}],"curies":[{"name":"wp","href":"https:\/\/api.w.org\/{rel}","templated":true}]}}